{"id":273,"date":"2025-11-12T08:28:03","date_gmt":"2025-11-12T08:28:03","guid":{"rendered":"https:\/\/roidata.fi\/?page_id=273"},"modified":"2025-11-12T08:32:49","modified_gmt":"2025-11-12T08:32:49","slug":"about","status":"publish","type":"page","link":"https:\/\/roidata.fi\/index.php\/about\/","title":{"rendered":"About"},"content":{"rendered":"\t\t<div data-elementor-type=\"wp-page\" data-elementor-id=\"273\" class=\"elementor elementor-273\">\n\t\t\t\t<div class=\"elementor-element elementor-element-3ac59276 e-con-full e-flex e-con e-parent\" data-id=\"3ac59276\" data-element_type=\"container\" data-e-type=\"container\" data-settings=\"{&quot;background_background&quot;:&quot;classic&quot;}\">\n\t\t\t\t<div class=\"elementor-element elementor-element-855ca16 elementor-widget elementor-widget-text-editor\" data-id=\"855ca16\" data-element_type=\"widget\" data-e-type=\"widget\" data-widget_type=\"text-editor.default\">\n\t\t\t\t\t\t\t\t\t<p><a href=\"https:\/\/roidata.fi\/\">Etusivu<\/a> Esittely<\/p>\t\t\t\t\t\t\t\t<\/div>\n\t\t\t\t<\/div>\n\t\t<div class=\"elementor-element elementor-element-d9c1937 e-flex e-con-boxed e-con e-parent\" data-id=\"d9c1937\" data-element_type=\"container\" data-e-type=\"container\">\n\t\t\t\t\t<div class=\"e-con-inner\">\n\t\t\t\t<div class=\"elementor-element elementor-element-457147d elementor-widget elementor-widget-heading\" data-id=\"457147d\" data-element_type=\"widget\" data-e-type=\"widget\" data-widget_type=\"heading.default\">\n\t\t\t\t\t<h2 class=\"elementor-heading-title elementor-size-default\">Esittely<\/h2>\t\t\t\t<\/div>\n\t\t\t\t\t<\/div>\n\t\t\t\t<\/div>\n\t\t<div class=\"elementor-element elementor-element-1725bb0 e-flex e-con-boxed e-con e-parent\" data-id=\"1725bb0\" data-element_type=\"container\" data-e-type=\"container\">\n\t\t\t\t\t<div class=\"e-con-inner\">\n\t\t\t\t<div class=\"elementor-element elementor-element-6a8128b elementor-position-left elementor-vertical-align-middle elementor-widget elementor-widget-image-box\" data-id=\"6a8128b\" data-element_type=\"widget\" data-e-type=\"widget\" data-widget_type=\"image-box.default\">\n\t\t\t\t\t<div class=\"elementor-image-box-wrapper\"><figure class=\"elementor-image-box-img\"><img fetchpriority=\"high\" decoding=\"async\" width=\"1017\" height=\"1551\" src=\"https:\/\/roidata.fi\/wp-content\/uploads\/2025\/11\/omakuva.png\" class=\"attachment-full size-full wp-image-315\" alt=\"\" srcset=\"https:\/\/roidata.fi\/wp-content\/uploads\/2025\/11\/omakuva.png 1017w, https:\/\/roidata.fi\/wp-content\/uploads\/2025\/11\/omakuva-197x300.png 197w, https:\/\/roidata.fi\/wp-content\/uploads\/2025\/11\/omakuva-671x1024.png 671w, https:\/\/roidata.fi\/wp-content\/uploads\/2025\/11\/omakuva-768x1171.png 768w, https:\/\/roidata.fi\/wp-content\/uploads\/2025\/11\/omakuva-1007x1536.png 1007w\" sizes=\"(max-width: 1017px) 100vw, 1017px\" \/><\/figure><div class=\"elementor-image-box-content\"><p class=\"elementor-image-box-description\">Olen pitk\u00e4n linjan ICT-asiantuntija ja yritt\u00e4j\u00e4, joka auttaa yrityksi\u00e4 rakentamaan toimintavarmoja ja k\u00e4yt\u00e4nn\u00f6llisi\u00e4 IT-ymp\u00e4rist\u00f6j\u00e4 \u2013 olipa kyseess\u00e4 pieni toimija ilman omaa IT-tiimi\u00e4 tai suurempi yritys, joka haluaa vahvistaa tukipalvelujaan. Yli 20 vuoden kokemuksella tied\u00e4n, kuinka ratkaista tekniset haasteet tehokkaasti ja kehitt\u00e4\u00e4 ratkaisuja, jotka aidosti tukevat asiakkaideni liiketoimintaa.<br><br>\n\nYritykseni tarjoaa asiantuntevaa ICT-konsultointia, laitteistohallintaa, pilvipalveluiden tukea sek\u00e4 palveluiden jatkuvaa kehitt\u00e4mist\u00e4. Minulla on laaja kokemus vaativista projekteista, ja toimintani perustuu aina asiakkaan yksil\u00f6llisiin tarpeisiin. Jatkuva oppiminen ja modernien teknologioiden hy\u00f6dynt\u00e4minen ovat minulle t\u00e4rkeit\u00e4, ja sama l\u00e4sn\u00e4olo, tarkkuus sek\u00e4 periksiantamattomuus n\u00e4kyv\u00e4t my\u00f6s harrastuksissani, kuten mets\u00e4styksess\u00e4, sijoittamisessa ja moottoripy\u00f6r\u00e4ilyss\u00e4.<br><br>\n\nTavoitteenani on tehd\u00e4 tietotekniikasta sujuvaa, luotettavaa ja vaivatonta, jotta asiakkaani voivat keskitty\u00e4 t\u00e4ysill\u00e4 omaan ydinliiketoimintaansa.<br><br><\/p><\/div><\/div>\t\t\t\t<\/div>\n\t\t\t\t\t<\/div>\n\t\t\t\t<\/div>\n\t\t<div class=\"elementor-element elementor-element-25d4132 e-flex e-con-boxed e-con e-parent\" data-id=\"25d4132\" data-element_type=\"container\" data-e-type=\"container\" data-settings=\"{&quot;background_background&quot;:&quot;classic&quot;}\">\n\t\t\t\t\t<div class=\"e-con-inner\">\n\t\t\t\t\t<\/div>\n\t\t\t\t<\/div>\n\t\t<div class=\"elementor-element elementor-element-0889859 e-flex e-con-boxed e-con e-parent\" data-id=\"0889859\" data-element_type=\"container\" data-e-type=\"container\">\n\t\t\t\t\t<div class=\"e-con-inner\">\n\t\t\t\t<div class=\"elementor-element elementor-element-add0b4a elementor-widget elementor-widget-heading\" data-id=\"add0b4a\" data-element_type=\"widget\" data-e-type=\"widget\" data-widget_type=\"heading.default\">\n\t\t\t\t\t<h2 class=\"elementor-heading-title elementor-size-default\">Yhteystiedot<\/h2>\t\t\t\t<\/div>\n\t\t\t\t\t<\/div>\n\t\t\t\t<\/div>\n\t\t<div class=\"elementor-element elementor-element-89025e3 e-flex e-con-boxed e-con e-parent\" data-id=\"89025e3\" data-element_type=\"container\" data-e-type=\"container\">\n\t\t\t\t\t<div class=\"e-con-inner\">\n\t\t\t\t<div class=\"elementor-element elementor-element-996d278 elementor-position-left elementor-vertical-align-middle elementor-widget elementor-widget-image-box\" data-id=\"996d278\" data-element_type=\"widget\" data-e-type=\"widget\" data-widget_type=\"image-box.default\">\n\t\t\t\t\t<div class=\"elementor-image-box-wrapper\"><figure class=\"elementor-image-box-img\"><img decoding=\"async\" width=\"838\" height=\"650\" src=\"https:\/\/roidata.fi\/wp-content\/uploads\/2025\/09\/logokuva-1.jpg\" class=\"attachment-full size-full wp-image-50\" alt=\"\" srcset=\"https:\/\/roidata.fi\/wp-content\/uploads\/2025\/09\/logokuva-1.jpg 838w, https:\/\/roidata.fi\/wp-content\/uploads\/2025\/09\/logokuva-1-300x233.jpg 300w, https:\/\/roidata.fi\/wp-content\/uploads\/2025\/09\/logokuva-1-768x596.jpg 768w\" sizes=\"(max-width: 838px) 100vw, 838px\" \/><\/figure><div class=\"elementor-image-box-content\"><h3 class=\"elementor-image-box-title\">Olehan yhteydess\u00e4 mik\u00e4li tarvitset apua tietotekniikan parissa<\/h3><p class=\"elementor-image-box-description\">\nPuhelinnumero: +358405226686\n\nS\u00e4hk\u00f6postiosoite: info (at) roidata.fi<\/p><\/div><\/div>\t\t\t\t<\/div>\n\t\t\t\t\t<\/div>\n\t\t\t\t<\/div>\n\t\t<div class=\"elementor-element elementor-element-5e43dd26 e-flex e-con-boxed e-con e-parent\" data-id=\"5e43dd26\" data-element_type=\"container\" data-e-type=\"container\" data-settings=\"{&quot;background_background&quot;:&quot;classic&quot;}\">\n\t\t\t\t\t<div class=\"e-con-inner\">\n\t\t\t\t\t<\/div>\n\t\t\t\t<\/div>\n\t\t\t\t<\/div>\n\t\t","protected":false},"excerpt":{"rendered":"<p>Etusivu Esittely Esittely Olen pitk\u00e4n linjan ICT-asiantuntija ja yritt\u00e4j\u00e4, joka auttaa yrityksi\u00e4 rakentamaan toimintavarmoja ja k\u00e4yt\u00e4nn\u00f6llisi\u00e4 IT-ymp\u00e4rist\u00f6j\u00e4 \u2013 olipa kyseess\u00e4 pieni toimija ilman omaa IT-tiimi\u00e4 tai suurempi yritys, joka haluaa vahvistaa tukipalvelujaan. Yli 20 vuoden kokemuksella tied\u00e4n, kuinka ratkaista tekniset haasteet tehokkaasti ja kehitt\u00e4\u00e4 ratkaisuja, jotka aidosti tukevat asiakkaideni liiketoimintaa. Yritykseni tarjoaa asiantuntevaa ICT-konsultointia, laitteistohallintaa, [&hellip;]<\/p>\n","protected":false},"author":1,"featured_media":0,"parent":0,"menu_order":0,"comment_status":"closed","ping_status":"closed","template":"elementor_canvas","meta":{"footnotes":""},"class_list":["post-273","page","type-page","status-publish","hentry"],"_links":{"self":[{"href":"https:\/\/roidata.fi\/index.php\/wp-json\/wp\/v2\/pages\/273","targetHints":{"allow":["GET"]}}],"collection":[{"href":"https:\/\/roidata.fi\/index.php\/wp-json\/wp\/v2\/pages"}],"about":[{"href":"https:\/\/roidata.fi\/index.php\/wp-json\/wp\/v2\/types\/page"}],"author":[{"embeddable":true,"href":"https:\/\/roidata.fi\/index.php\/wp-json\/wp\/v2\/users\/1"}],"replies":[{"embeddable":true,"href":"https:\/\/roidata.fi\/index.php\/wp-json\/wp\/v2\/comments?post=273"}],"version-history":[{"count":50,"href":"https:\/\/roidata.fi\/index.php\/wp-json\/wp\/v2\/pages\/273\/revisions"}],"predecessor-version":[{"id":328,"href":"https:\/\/roidata.fi\/index.php\/wp-json\/wp\/v2\/pages\/273\/revisions\/328"}],"wp:attachment":[{"href":"https:\/\/roidata.fi\/index.php\/wp-json\/wp\/v2\/media?parent=273"}],"curies":[{"name":"wp","href":"https:\/\/api.w.org\/{rel}","templated":true}]}}