{"id":70,"date":"2025-10-13T08:39:37","date_gmt":"2025-10-13T08:39:37","guid":{"rendered":"https:\/\/roidata.fi\/?page_id=70"},"modified":"2025-11-12T08:36:46","modified_gmt":"2025-11-12T08:36:46","slug":"home","status":"publish","type":"page","link":"https:\/\/roidata.fi\/","title":{"rendered":"Home"},"content":{"rendered":"\t\t<div data-elementor-type=\"wp-page\" data-elementor-id=\"70\" class=\"elementor elementor-70\">\n\t\t\t\t<div class=\"elementor-element elementor-element-12141eb e-con-full e-flex e-con e-parent\" data-id=\"12141eb\" data-element_type=\"container\" data-e-type=\"container\" data-settings=\"{&quot;background_background&quot;:&quot;classic&quot;}\">\n\t\t\t\t<div class=\"elementor-element elementor-element-aeac534 elementor-widget elementor-widget-text-editor\" data-id=\"aeac534\" data-element_type=\"widget\" data-e-type=\"widget\" data-widget_type=\"text-editor.default\">\n\t\t\t\t\t\t\t\t\t<p style=\"text-align: right;\">Etusivu <a href=\"https:\/\/roidata.fi\/index.php\/about\/\">Esittely<\/a><\/p>\t\t\t\t\t\t\t\t<\/div>\n\t\t\t\t<\/div>\n\t\t<div class=\"elementor-element elementor-element-dedf0c1 e-flex e-con-boxed e-con e-parent\" data-id=\"dedf0c1\" data-element_type=\"container\" data-e-type=\"container\">\n\t\t\t\t\t<div class=\"e-con-inner\">\n\t\t\t\t<div class=\"elementor-element elementor-element-babc886 elementor-widget elementor-widget-image\" data-id=\"babc886\" data-element_type=\"widget\" data-e-type=\"widget\" data-widget_type=\"image.default\">\n\t\t\t\t\t\t\t\t\t\t\t\t\t\t\t<img fetchpriority=\"high\" decoding=\"async\" width=\"838\" height=\"650\" src=\"https:\/\/roidata.fi\/wp-content\/uploads\/2025\/09\/logokuva-1.jpg\" class=\"attachment-large size-large wp-image-50\" alt=\"\" srcset=\"https:\/\/roidata.fi\/wp-content\/uploads\/2025\/09\/logokuva-1.jpg 838w, https:\/\/roidata.fi\/wp-content\/uploads\/2025\/09\/logokuva-1-300x233.jpg 300w, https:\/\/roidata.fi\/wp-content\/uploads\/2025\/09\/logokuva-1-768x596.jpg 768w\" sizes=\"(max-width: 838px) 100vw, 838px\" \/>\t\t\t\t\t\t\t\t\t\t\t\t\t\t\t<\/div>\n\t\t\t\t<div class=\"elementor-element elementor-element-60f9734 elementor-widget elementor-widget-heading\" data-id=\"60f9734\" data-element_type=\"widget\" data-e-type=\"widget\" data-widget_type=\"heading.default\">\n\t\t\t\t\t<h2 class=\"elementor-heading-title elementor-size-default\">Osaamisella kohti tulevaisuutta<\/h2>\t\t\t\t<\/div>\n\t\t\t\t\t<\/div>\n\t\t\t\t<\/div>\n\t\t<div class=\"elementor-element elementor-element-77088b8 e-con-full e-flex e-con e-parent\" data-id=\"77088b8\" data-element_type=\"container\" data-e-type=\"container\">\n\t\t\t\t<div class=\"elementor-element elementor-element-d9cdcc6 elementor-widget elementor-widget-text-editor\" data-id=\"d9cdcc6\" data-element_type=\"widget\" data-e-type=\"widget\" data-widget_type=\"text-editor.default\">\n\t\t\t\t\t\t\t\t\t<p style=\"text-align: center;\">Tervetuloa RoiDatan verkkosivistolle. Olemme asiantunteva ICT-konsultoinnin ja tuen tarjoaja,<br \/>joka auttaa yrityksi\u00e4 kehitt\u00e4m\u00e4\u00e4n heid\u00e4n IT-ratkaisujaan ja parantamaan toimintansa sujuvuutta.<br \/>Yhdist\u00e4mme osaamisen ja innovatiivisuuden, jonka avulla nostamme asiakkaidemme<br \/>liiketoimintaa oikealle tasolle.<\/p>\t\t\t\t\t\t\t\t<\/div>\n\t\t\t\t<\/div>\n\t\t<div class=\"elementor-element elementor-element-61f7752 e-flex e-con-boxed e-con e-parent\" data-id=\"61f7752\" data-element_type=\"container\" data-e-type=\"container\">\n\t\t\t\t\t<div class=\"e-con-inner\">\n\t\t\t\t<div class=\"elementor-element elementor-element-95f174d elementor-widget elementor-widget-text-editor\" data-id=\"95f174d\" data-element_type=\"widget\" data-e-type=\"widget\" data-widget_type=\"text-editor.default\">\n\t\t\t\t\t\t\t\t\t<p><strong>ICT-Konsultointi ja tuki yritykselle<\/strong><\/p>\t\t\t\t\t\t\t\t<\/div>\n\t\t\t\t\t<\/div>\n\t\t\t\t<\/div>\n\t\t<div class=\"elementor-element elementor-element-9291656 e-grid e-con-full e-con e-parent\" data-id=\"9291656\" data-element_type=\"container\" data-e-type=\"container\">\n\t\t\t\t<div class=\"elementor-element elementor-element-649d2f5 elementor-widget elementor-widget-heading\" data-id=\"649d2f5\" data-element_type=\"widget\" data-e-type=\"widget\" data-widget_type=\"heading.default\">\n\t\t\t\t\t<h2 class=\"elementor-heading-title elementor-size-default\">Konsultointipalvelut\n\n<\/h2>\t\t\t\t<\/div>\n\t\t\t\t<div class=\"elementor-element elementor-element-559770f elementor-view-default elementor-widget elementor-widget-icon\" data-id=\"559770f\" data-element_type=\"widget\" data-e-type=\"widget\" data-widget_type=\"icon.default\">\n\t\t\t\t\t\t\t<div class=\"elementor-icon-wrapper\">\n\t\t\t<div class=\"elementor-icon\">\n\t\t\t<svg aria-hidden=\"true\" class=\"e-font-icon-svg e-far-star\" viewBox=\"0 0 576 512\" xmlns=\"http:\/\/www.w3.org\/2000\/svg\"><path d=\"M528.1 171.5L382 150.2 316.7 17.8c-11.7-23.6-45.6-23.9-57.4 0L194 150.2 47.9 171.5c-26.2 3.8-36.7 36.1-17.7 54.6l105.7 103-25 145.5c-4.5 26.3 23.2 46 46.4 33.7L288 439.6l130.7 68.7c23.2 12.2 50.9-7.4 46.4-33.7l-25-145.5 105.7-103c19-18.5 8.5-50.8-17.7-54.6zM388.6 312.3l23.7 138.4L288 385.4l-124.3 65.3 23.7-138.4-100.6-98 139-20.2 62.2-126 62.2 126 139 20.2-100.6 98z\"><\/path><\/svg>\t\t\t<\/div>\n\t\t<\/div>\n\t\t\t\t\t\t<\/div>\n\t\t\t\t<div class=\"elementor-element elementor-element-e76382d elementor-widget elementor-widget-text-editor\" data-id=\"e76382d\" data-element_type=\"widget\" data-e-type=\"widget\" data-widget_type=\"text-editor.default\">\n\t\t\t\t\t\t\t\t\t<p style=\"text-align: center;\">Tarjoamme asiantuntevaa konsultointia, joka auttaa yrityksesi ICT-ratkaisujen valinnassa ja strategisessa kehitt\u00e4misess\u00e4.<\/p>\t\t\t\t\t\t\t\t<\/div>\n\t\t\t\t<div class=\"elementor-element elementor-element-3b628f1 elementor-widget elementor-widget-heading\" data-id=\"3b628f1\" data-element_type=\"widget\" data-e-type=\"widget\" data-widget_type=\"heading.default\">\n\t\t\t\t\t<h2 class=\"elementor-heading-title elementor-size-default\">Tekninen tuki<\/h2>\t\t\t\t<\/div>\n\t\t<div class=\"elementor-element elementor-element-99ab862 e-con-full e-flex e-con e-child\" data-id=\"99ab862\" data-element_type=\"container\" data-e-type=\"container\">\n\t\t\t\t<div class=\"elementor-element elementor-element-d3f7a30 elementor-view-default elementor-widget elementor-widget-icon\" data-id=\"d3f7a30\" data-element_type=\"widget\" data-e-type=\"widget\" data-widget_type=\"icon.default\">\n\t\t\t\t\t\t\t<div class=\"elementor-icon-wrapper\">\n\t\t\t<div class=\"elementor-icon\">\n\t\t\t<svg aria-hidden=\"true\" class=\"e-font-icon-svg e-far-star\" viewBox=\"0 0 576 512\" xmlns=\"http:\/\/www.w3.org\/2000\/svg\"><path d=\"M528.1 171.5L382 150.2 316.7 17.8c-11.7-23.6-45.6-23.9-57.4 0L194 150.2 47.9 171.5c-26.2 3.8-36.7 36.1-17.7 54.6l105.7 103-25 145.5c-4.5 26.3 23.2 46 46.4 33.7L288 439.6l130.7 68.7c23.2 12.2 50.9-7.4 46.4-33.7l-25-145.5 105.7-103c19-18.5 8.5-50.8-17.7-54.6zM388.6 312.3l23.7 138.4L288 385.4l-124.3 65.3 23.7-138.4-100.6-98 139-20.2 62.2-126 62.2 126 139 20.2-100.6 98z\"><\/path><\/svg>\t\t\t<\/div>\n\t\t<\/div>\n\t\t\t\t\t\t<\/div>\n\t\t\t\t<\/div>\n\t\t\t\t<div class=\"elementor-element elementor-element-ca7da16 elementor-widget elementor-widget-text-editor\" data-id=\"ca7da16\" data-element_type=\"widget\" data-e-type=\"widget\" data-widget_type=\"text-editor.default\">\n\t\t\t\t\t\t\t\t\t<p style=\"text-align: center;\">Tarjoamme tehokasta teknist\u00e4 tukea, joka varmistaa, ett\u00e4 liiketoimintasi toimii ongelmitta. Meid\u00e4n tiimimme on t\u00e4\u00e4ll\u00e4 avuksi.<\/p>\t\t\t\t\t\t\t\t<\/div>\n\t\t\t\t<div class=\"elementor-element elementor-element-4216920 elementor-widget elementor-widget-heading\" data-id=\"4216920\" data-element_type=\"widget\" data-e-type=\"widget\" data-widget_type=\"heading.default\">\n\t\t\t\t\t<h2 class=\"elementor-heading-title elementor-size-default\">IT-strategiat<\/h2>\t\t\t\t<\/div>\n\t\t\t\t<div class=\"elementor-element elementor-element-3cc5d7d elementor-view-default elementor-widget elementor-widget-icon\" data-id=\"3cc5d7d\" data-element_type=\"widget\" data-e-type=\"widget\" data-widget_type=\"icon.default\">\n\t\t\t\t\t\t\t<div class=\"elementor-icon-wrapper\">\n\t\t\t<div class=\"elementor-icon\">\n\t\t\t<svg aria-hidden=\"true\" class=\"e-font-icon-svg e-far-star\" viewBox=\"0 0 576 512\" xmlns=\"http:\/\/www.w3.org\/2000\/svg\"><path d=\"M528.1 171.5L382 150.2 316.7 17.8c-11.7-23.6-45.6-23.9-57.4 0L194 150.2 47.9 171.5c-26.2 3.8-36.7 36.1-17.7 54.6l105.7 103-25 145.5c-4.5 26.3 23.2 46 46.4 33.7L288 439.6l130.7 68.7c23.2 12.2 50.9-7.4 46.4-33.7l-25-145.5 105.7-103c19-18.5 8.5-50.8-17.7-54.6zM388.6 312.3l23.7 138.4L288 385.4l-124.3 65.3 23.7-138.4-100.6-98 139-20.2 62.2-126 62.2 126 139 20.2-100.6 98z\"><\/path><\/svg>\t\t\t<\/div>\n\t\t<\/div>\n\t\t\t\t\t\t<\/div>\n\t\t\t\t<div class=\"elementor-element elementor-element-9bd9667 elementor-widget elementor-widget-text-editor\" data-id=\"9bd9667\" data-element_type=\"widget\" data-e-type=\"widget\" data-widget_type=\"text-editor.default\">\n\t\t\t\t\t\t\t\t\t<p style=\"text-align: center;\">Autamme kehitt\u00e4m\u00e4\u00e4n r\u00e4\u00e4t\u00e4l\u00f6ityj\u00e4 ICT-strategioita, jotka tukevat liiketoimintasi tulevaisuuden tavoitteita.<\/p>\t\t\t\t\t\t\t\t<\/div>\n\t\t\t\t<\/div>\n\t\t<div class=\"elementor-element elementor-element-e40f836 e-con-full e-flex e-con e-parent\" data-id=\"e40f836\" data-element_type=\"container\" data-e-type=\"container\" data-settings=\"{&quot;background_background&quot;:&quot;classic&quot;}\">\n\t\t\t\t<\/div>\n\t\t\t\t<\/div>\n\t\t","protected":false},"excerpt":{"rendered":"<p>Etusivu Esittely Osaamisella kohti tulevaisuutta Tervetuloa RoiDatan verkkosivistolle. Olemme asiantunteva ICT-konsultoinnin ja tuen tarjoaja,joka auttaa yrityksi\u00e4 kehitt\u00e4m\u00e4\u00e4n heid\u00e4n IT-ratkaisujaan ja parantamaan toimintansa sujuvuutta.Yhdist\u00e4mme osaamisen ja innovatiivisuuden, jonka avulla nostamme asiakkaidemmeliiketoimintaa oikealle tasolle. ICT-Konsultointi ja tuki yritykselle Konsultointipalvelut Tarjoamme asiantuntevaa konsultointia, joka auttaa yrityksesi ICT-ratkaisujen valinnassa ja strategisessa kehitt\u00e4misess\u00e4. Tekninen tuki Tarjoamme tehokasta teknist\u00e4 tukea, joka [&hellip;]<\/p>\n","protected":false},"author":1,"featured_media":0,"parent":0,"menu_order":0,"comment_status":"closed","ping_status":"closed","template":"elementor_canvas","meta":{"footnotes":""},"class_list":["post-70","page","type-page","status-publish","hentry"],"_links":{"self":[{"href":"https:\/\/roidata.fi\/index.php\/wp-json\/wp\/v2\/pages\/70","targetHints":{"allow":["GET"]}}],"collection":[{"href":"https:\/\/roidata.fi\/index.php\/wp-json\/wp\/v2\/pages"}],"about":[{"href":"https:\/\/roidata.fi\/index.php\/wp-json\/wp\/v2\/types\/page"}],"author":[{"embeddable":true,"href":"https:\/\/roidata.fi\/index.php\/wp-json\/wp\/v2\/users\/1"}],"replies":[{"embeddable":true,"href":"https:\/\/roidata.fi\/index.php\/wp-json\/wp\/v2\/comments?post=70"}],"version-history":[{"count":140,"href":"https:\/\/roidata.fi\/index.php\/wp-json\/wp\/v2\/pages\/70\/revisions"}],"predecessor-version":[{"id":327,"href":"https:\/\/roidata.fi\/index.php\/wp-json\/wp\/v2\/pages\/70\/revisions\/327"}],"wp:attachment":[{"href":"https:\/\/roidata.fi\/index.php\/wp-json\/wp\/v2\/media?parent=70"}],"curies":[{"name":"wp","href":"https:\/\/api.w.org\/{rel}","templated":true}]}}